{"id":10,"date":"2020-01-12T18:32:30","date_gmt":"2020-01-12T17:32:30","guid":{"rendered":"https:\/\/www.coeurlumiere.fr\/wordpress\/?page_id=10"},"modified":"2020-01-23T17:39:42","modified_gmt":"2020-01-23T16:39:42","slug":"conferences-et-ateliers","status":"publish","type":"page","link":"https:\/\/www.coeurlumiere.fr\/wordpress\/conferences-et-ateliers\/","title":{"rendered":"Conf\u00e9rences et Ateliers"},"content":{"rendered":"\n<p class=\"has-text-align-center\">Nous organisons des conf\u00e9rences sur diff\u00e9rents th\u00e8mes, avec \u00e0 chaque fois des personnes d&rsquo;exp\u00e9rience et reconnues.<\/p>\n\n\n\n<div class=\"wp-block-image\"><figure class=\"aligncenter size-large is-resized\"><img loading=\"lazy\" decoding=\"async\" src=\"https:\/\/www.coeurlumiere.fr\/wordpress\/wp-content\/uploads\/2020\/01\/12790848_980809822011377_7408415017020173018_n.jpg\" alt=\"\" class=\"wp-image-271\" width=\"653\" height=\"437\" srcset=\"https:\/\/www.coeurlumiere.fr\/wordpress\/wp-content\/uploads\/2020\/01\/12790848_980809822011377_7408415017020173018_n.jpg 471w, https:\/\/www.coeurlumiere.fr\/wordpress\/wp-content\/uploads\/2020\/01\/12790848_980809822011377_7408415017020173018_n-300x201.jpg 300w\" sizes=\"(max-width: 653px) 100vw, 653px\" \/><\/figure><\/div>\n\n\n\n<div class=\"wp-block-image\"><figure class=\"aligncenter size-large is-resized\"><img loading=\"lazy\" decoding=\"async\" src=\"https:\/\/www.coeurlumiere.fr\/wordpress\/wp-content\/uploads\/2020\/01\/facebook-logo.jpg\" alt=\"\" class=\"wp-image-166\" style=\"vertical-align:middle;margin-right:20px;\" width=\"45\" height=\"45\" srcset=\"https:\/\/www.coeurlumiere.fr\/wordpress\/wp-content\/uploads\/2020\/01\/facebook-logo.jpg 380w, https:\/\/www.coeurlumiere.fr\/wordpress\/wp-content\/uploads\/2020\/01\/facebook-logo-300x300.jpg 300w, https:\/\/www.coeurlumiere.fr\/wordpress\/wp-content\/uploads\/2020\/01\/facebook-logo-150x150.jpg 150w, https:\/\/www.coeurlumiere.fr\/wordpress\/wp-content\/uploads\/2020\/01\/facebook-logo-230x230.jpg 230w, https:\/\/www.coeurlumiere.fr\/wordpress\/wp-content\/uploads\/2020\/01\/facebook-logo-365x365.jpg 365w\" sizes=\"(max-width: 45px) 100vw, 45px\" \/><a rel=\"noreferrer noopener\" aria-label=\"Page Facebook Conf\u00e9rences et Ateliers (s\u2019ouvre dans un nouvel onglet)\" href=\"https:\/\/fr-fr.facebook.com\/etreenharmonieindre\/\" target=\"_blank\">Visitez notre page Facebook Conf\u00e9rences et Ateliers<\/a><\/figure><\/div>\n\n\n\n<div style=\"height:50px\" aria-hidden=\"true\" class=\"wp-block-spacer\"><\/div>\n\n\n\n<h2 class=\"has-text-align-center\" style=\"background-color:#84c1ff; border-radius:15px;padding: 5px 10px; text-align:center; color: #FFF; font-weight: bold;\"> Prochains \u00e9v\u00e9nements<br>Conf\u00e9rences et Ateliers<\/h2>\n\n\n\n<p class=\"has-text-align-center\"> <div class=\"mec-wrap mec-skin-carousel-container  \" id=\"mec_skin_841\">\r\n        <div class=\"mec-skin-carousel-events-container\" id=\"mec_skin_events_841\">\r\n        Pas d&#039;\u00e9v\u00e9nement actuellement programm\u00e9.    <\/div>\r\n    <\/div> <\/p>\n","protected":false},"excerpt":{"rendered":"<p>Nous organisons des conf\u00e9rences sur diff\u00e9rents th\u00e8mes, avec \u00e0 chaque fois des personnes d&rsquo;exp\u00e9rience et reconnues. Visitez notre page Facebook Conf\u00e9rences et Ateliers Prochains \u00e9v\u00e9nementsConf\u00e9rences et Ateliers<\/p>\n","protected":false},"author":2,"featured_media":0,"parent":0,"menu_order":0,"comment_status":"closed","ping_status":"closed","template":"","meta":{"footnotes":""},"class_list":["post-10","page","type-page","status-publish","hentry"],"_links":{"self":[{"href":"https:\/\/www.coeurlumiere.fr\/wordpress\/wp-json\/wp\/v2\/pages\/10"}],"collection":[{"href":"https:\/\/www.coeurlumiere.fr\/wordpress\/wp-json\/wp\/v2\/pages"}],"about":[{"href":"https:\/\/www.coeurlumiere.fr\/wordpress\/wp-json\/wp\/v2\/types\/page"}],"author":[{"embeddable":true,"href":"https:\/\/www.coeurlumiere.fr\/wordpress\/wp-json\/wp\/v2\/users\/2"}],"replies":[{"embeddable":true,"href":"https:\/\/www.coeurlumiere.fr\/wordpress\/wp-json\/wp\/v2\/comments?post=10"}],"version-history":[{"count":53,"href":"https:\/\/www.coeurlumiere.fr\/wordpress\/wp-json\/wp\/v2\/pages\/10\/revisions"}],"predecessor-version":[{"id":872,"href":"https:\/\/www.coeurlumiere.fr\/wordpress\/wp-json\/wp\/v2\/pages\/10\/revisions\/872"}],"wp:attachment":[{"href":"https:\/\/www.coeurlumiere.fr\/wordpress\/wp-json\/wp\/v2\/media?parent=10"}],"curies":[{"name":"wp","href":"https:\/\/api.w.org\/{rel}","templated":true}]}}