{"id":16,"date":"2020-01-12T18:33:00","date_gmt":"2020-01-12T17:33:00","guid":{"rendered":"https:\/\/www.coeurlumiere.fr\/wordpress\/?page_id=16"},"modified":"2026-01-02T20:29:51","modified_gmt":"2026-01-02T19:29:51","slug":"la-voix-du-coeur","status":"publish","type":"page","link":"https:\/\/www.coeurlumiere.fr\/wordpress\/la-voix-du-coeur\/","title":{"rendered":"La voix du coeur"},"content":{"rendered":"\n<p class=\"has-text-align-center has-medium-font-size\"><strong>La voix du coeur, une des plus belles voies !<\/strong><\/p>\n\n\n\n<p class=\"has-text-align-center\">Les valeurs de l&rsquo;association sont le partage, l\u2019accompagnement et le  souhait de bien vivre ensemble. Pour pouvoir apporter plus de  soutien aupr\u00e8s des  populations fragilis\u00e9es (maladie, ch\u00f4mage\u2026),  l\u2019association solidaire va s\u2019investir dans un projet  ambitieux pour de belles causes. Pour cela elle a cr\u00e9\u00e9 une troupe,la Voix du Coeur<br><br> Elle sera l\u2019organisatrice  de concerts caritatifs o\u00f9 artistes et techniciens  participeront b\u00e9n\u00e9volement. Ce qui permettra la  rencontre interg\u00e9n\u00e9rationnelle de personnes de tout  horizon.Les b\u00e9n\u00e9fices sont destin\u00e9s aux organismes  caritatifs tels que les banques alimentaires, les associations  contre le cancer ou d\u2019autres maladies graves,les associations de protection animale\u2026 dans  notre d\u00e9partement voire hors d\u00e9partement.  L\u2019association r\u00e9coltera elle-m\u00eame les dons \u00e0  l\u2019entr\u00e9e des \u00e9v\u00e9nements.&nbsp;<br><\/p>\n\n\n<div class=\"wp-block-image\">\n<figure class=\"aligncenter size-large\"><img loading=\"lazy\" decoding=\"async\" width=\"695\" height=\"255\" src=\"https:\/\/www.coeurlumiere.fr\/wordpress\/wp-content\/uploads\/2020\/01\/Voix-du-Coeur-banniere.jpg\" alt=\"\" class=\"wp-image-768\" srcset=\"https:\/\/www.coeurlumiere.fr\/wordpress\/wp-content\/uploads\/2020\/01\/Voix-du-Coeur-banniere.jpg 695w, https:\/\/www.coeurlumiere.fr\/wordpress\/wp-content\/uploads\/2020\/01\/Voix-du-Coeur-banniere-300x110.jpg 300w\" sizes=\"(max-width: 695px) 100vw, 695px\" \/><\/figure><\/div>\n\n<div class=\"wp-block-image\">\n<figure class=\"aligncenter size-large is-resized\"><img loading=\"lazy\" decoding=\"async\" width=\"1024\" height=\"768\" src=\"https:\/\/www.coeurlumiere.fr\/wordpress\/wp-content\/uploads\/2020\/01\/73364125_3181086228574751_2520147154136203264_n-1024x768.jpg\" alt=\"\" class=\"wp-image-272\" style=\"width:655px;height:491px\" srcset=\"https:\/\/www.coeurlumiere.fr\/wordpress\/wp-content\/uploads\/2020\/01\/73364125_3181086228574751_2520147154136203264_n-1024x768.jpg 1024w, https:\/\/www.coeurlumiere.fr\/wordpress\/wp-content\/uploads\/2020\/01\/73364125_3181086228574751_2520147154136203264_n-300x225.jpg 300w, https:\/\/www.coeurlumiere.fr\/wordpress\/wp-content\/uploads\/2020\/01\/73364125_3181086228574751_2520147154136203264_n-768x576.jpg 768w, https:\/\/www.coeurlumiere.fr\/wordpress\/wp-content\/uploads\/2020\/01\/73364125_3181086228574751_2520147154136203264_n-1536x1152.jpg 1536w, https:\/\/www.coeurlumiere.fr\/wordpress\/wp-content\/uploads\/2020\/01\/73364125_3181086228574751_2520147154136203264_n-1320x990.jpg 1320w, https:\/\/www.coeurlumiere.fr\/wordpress\/wp-content\/uploads\/2020\/01\/73364125_3181086228574751_2520147154136203264_n.jpg 2000w\" sizes=\"(max-width: 767px) 89vw, (max-width: 1000px) 54vw, (max-width: 1071px) 543px, 580px\" \/><\/figure><\/div>\n\n<div class=\"wp-block-image\">\n<figure class=\"aligncenter size-large is-resized\"><img loading=\"lazy\" decoding=\"async\" width=\"500\" height=\"500\" src=\"https:\/\/www.coeurlumiere.fr\/wordpress\/wp-content\/uploads\/2020\/01\/photorepetition3-700_nouveau.jpg\" alt=\"\" class=\"wp-image-794\" style=\"width:653px;height:653px\" srcset=\"https:\/\/www.coeurlumiere.fr\/wordpress\/wp-content\/uploads\/2020\/01\/photorepetition3-700_nouveau.jpg 500w, https:\/\/www.coeurlumiere.fr\/wordpress\/wp-content\/uploads\/2020\/01\/photorepetition3-700_nouveau-300x300.jpg 300w, https:\/\/www.coeurlumiere.fr\/wordpress\/wp-content\/uploads\/2020\/01\/photorepetition3-700_nouveau-150x150.jpg 150w, https:\/\/www.coeurlumiere.fr\/wordpress\/wp-content\/uploads\/2020\/01\/photorepetition3-700_nouveau-100x100.jpg 100w\" sizes=\"(max-width: 500px) 100vw, 500px\" \/><\/figure><\/div>\n\n\n<p class=\"has-text-align-center\"> <strong>Le casting<\/strong><br> <br> A l&rsquo;Espace Art et Culture de D\u00e9ols pr\u00e8s de  Ch\u00e2teauroux<br> avec la Participation de NS Radio <a href=\"http:\/\/ns.radio.free.fr\/\"> http:\/\/ns.radio.free.fr\/<\/a><strong><br><\/strong> <\/p>\n\n\n\n<div class=\"wp-block-image\"><figure class=\"aligncenter size-large is-resized\"><img loading=\"lazy\" decoding=\"async\" src=\"https:\/\/www.coeurlumiere.fr\/wordpress\/wp-content\/uploads\/2020\/01\/facebook-logo.jpg\" alt=\"\" class=\"wp-image-166\" style=\"vertical-align:middle;margin-right:20px;\" width=\"45\" height=\"45\" srcset=\"https:\/\/www.coeurlumiere.fr\/wordpress\/wp-content\/uploads\/2020\/01\/facebook-logo.jpg 380w, https:\/\/www.coeurlumiere.fr\/wordpress\/wp-content\/uploads\/2020\/01\/facebook-logo-300x300.jpg 300w, https:\/\/www.coeurlumiere.fr\/wordpress\/wp-content\/uploads\/2020\/01\/facebook-logo-150x150.jpg 150w, https:\/\/www.coeurlumiere.fr\/wordpress\/wp-content\/uploads\/2020\/01\/facebook-logo-230x230.jpg 230w, https:\/\/www.coeurlumiere.fr\/wordpress\/wp-content\/uploads\/2020\/01\/facebook-logo-365x365.jpg 365w\" sizes=\"(max-width: 45px) 100vw, 45px\" \/><a href=\"https:\/\/www.facebook.com\/La-voix-du-coeur-1969527506491813\/\" target=\"_blank\" rel=\"noreferrer noopener\" aria-label=\" (s\u2019ouvre dans un nouvel onglet)\">Visitez notre page Facebook La voix du coeur<\/a><\/figure><\/div>\n\n\n<p><!--StartFragment--><\/p>\n<p><!--EndFragment--><\/p>\n\n\n<p class=\"has-text-align-center\"><\/p>\n\n\n<div class=\"wp-block-image\">\n<figure class=\"aligncenter size-large\"><a href=\"https:\/\/www.coeurlumiere.fr\/wordpress\/wp-content\/uploads\/2026\/01\/photo-groupe-scaled.jpeg\"><img loading=\"lazy\" decoding=\"async\" width=\"1024\" height=\"683\" src=\"https:\/\/www.coeurlumiere.fr\/wordpress\/wp-content\/uploads\/2026\/01\/photo-groupe-1024x683.jpeg\" alt=\"\" class=\"wp-image-1041\" srcset=\"https:\/\/www.coeurlumiere.fr\/wordpress\/wp-content\/uploads\/2026\/01\/photo-groupe-1024x683.jpeg 1024w, https:\/\/www.coeurlumiere.fr\/wordpress\/wp-content\/uploads\/2026\/01\/photo-groupe-300x200.jpeg 300w, https:\/\/www.coeurlumiere.fr\/wordpress\/wp-content\/uploads\/2026\/01\/photo-groupe-768x512.jpeg 768w, https:\/\/www.coeurlumiere.fr\/wordpress\/wp-content\/uploads\/2026\/01\/photo-groupe-391x260.jpeg 391w, https:\/\/www.coeurlumiere.fr\/wordpress\/wp-content\/uploads\/2026\/01\/photo-groupe-1536x1024.jpeg 1536w, https:\/\/www.coeurlumiere.fr\/wordpress\/wp-content\/uploads\/2026\/01\/photo-groupe-2048x1365.jpeg 2048w, https:\/\/www.coeurlumiere.fr\/wordpress\/wp-content\/uploads\/2026\/01\/photo-groupe-1320x880.jpeg 1320w\" sizes=\"(max-width: 767px) 89vw, (max-width: 1000px) 54vw, (max-width: 1071px) 543px, 580px\" \/><\/a><figcaption class=\"wp-element-caption\">cliquer sur l&rsquo;image pour l&rsquo;agrandir <\/figcaption><\/figure><\/div>\n\n\n<div style=\"height:50px\" aria-hidden=\"true\" class=\"wp-block-spacer\"><\/div>\n\n\n\n<h2 class=\"has-text-align-center\" style=\"background-color:#84c1ff; border-radius:15px;padding: 5px 10px; text-align:center; color: #FFF; font-weight: bold;\"> Prochains \u00e9v\u00e9nements de<br>La voix du c\u0153ur<\/h2>\n","protected":false},"excerpt":{"rendered":"<p>La voix du coeur, une des plus belles voies ! Les valeurs de l&rsquo;association sont le partage, l\u2019accompagnement et le souhait de bien vivre ensemble. Pour pouvoir apporter plus de soutien aupr\u00e8s des populations fragilis\u00e9es (maladie, ch\u00f4mage\u2026), l\u2019association solidaire va s\u2019investir dans un projet ambitieux pour de belles causes. Pour cela elle a cr\u00e9\u00e9 une &hellip; <\/p>\n<p class=\"link-more\"><a href=\"https:\/\/www.coeurlumiere.fr\/wordpress\/la-voix-du-coeur\/\" class=\"more-link\">Continuer la lecture<span class=\"screen-reader-text\"> de &laquo;&nbsp;La voix du coeur&nbsp;&raquo;<\/span><\/a><\/p>\n","protected":false},"author":2,"featured_media":0,"parent":0,"menu_order":0,"comment_status":"closed","ping_status":"closed","template":"","meta":{"footnotes":""},"class_list":["post-16","page","type-page","status-publish","hentry"],"_links":{"self":[{"href":"https:\/\/www.coeurlumiere.fr\/wordpress\/wp-json\/wp\/v2\/pages\/16"}],"collection":[{"href":"https:\/\/www.coeurlumiere.fr\/wordpress\/wp-json\/wp\/v2\/pages"}],"about":[{"href":"https:\/\/www.coeurlumiere.fr\/wordpress\/wp-json\/wp\/v2\/types\/page"}],"author":[{"embeddable":true,"href":"https:\/\/www.coeurlumiere.fr\/wordpress\/wp-json\/wp\/v2\/users\/2"}],"replies":[{"embeddable":true,"href":"https:\/\/www.coeurlumiere.fr\/wordpress\/wp-json\/wp\/v2\/comments?post=16"}],"version-history":[{"count":49,"href":"https:\/\/www.coeurlumiere.fr\/wordpress\/wp-json\/wp\/v2\/pages\/16\/revisions"}],"predecessor-version":[{"id":1042,"href":"https:\/\/www.coeurlumiere.fr\/wordpress\/wp-json\/wp\/v2\/pages\/16\/revisions\/1042"}],"wp:attachment":[{"href":"https:\/\/www.coeurlumiere.fr\/wordpress\/wp-json\/wp\/v2\/media?parent=16"}],"curies":[{"name":"wp","href":"https:\/\/api.w.org\/{rel}","templated":true}]}}