{"id":358,"date":"2020-01-15T10:50:26","date_gmt":"2020-01-15T09:50:26","guid":{"rendered":"https:\/\/www.coeurlumiere.fr\/wordpress\/?page_id=358"},"modified":"2020-01-22T11:41:03","modified_gmt":"2020-01-22T10:41:03","slug":"calendrier","status":"publish","type":"page","link":"https:\/\/www.coeurlumiere.fr\/wordpress\/calendrier\/","title":{"rendered":"\u00c9v\u00e9nements \u00e0 venir"},"content":{"rendered":"<div class=\"mec-wrap mec-skin-list-container  \" id=\"mec_skin_696\">\r\n\r\n    \r\n        <div class=\"mec-skin-list-events-container\" id=\"mec_skin_events_696\">\r\n        Pas d&#039;\u00e9v\u00e9nement actuellement programm\u00e9.    <\/div>\r\n    \r\n    \r\n<\/div>\n","protected":false},"excerpt":{"rendered":"","protected":false},"author":1,"featured_media":0,"parent":0,"menu_order":0,"comment_status":"closed","ping_status":"closed","template":"","meta":{"footnotes":""},"class_list":["post-358","page","type-page","status-publish","hentry"],"_links":{"self":[{"href":"https:\/\/www.coeurlumiere.fr\/wordpress\/wp-json\/wp\/v2\/pages\/358"}],"collection":[{"href":"https:\/\/www.coeurlumiere.fr\/wordpress\/wp-json\/wp\/v2\/pages"}],"about":[{"href":"https:\/\/www.coeurlumiere.fr\/wordpress\/wp-json\/wp\/v2\/types\/page"}],"author":[{"embeddable":true,"href":"https:\/\/www.coeurlumiere.fr\/wordpress\/wp-json\/wp\/v2\/users\/1"}],"replies":[{"embeddable":true,"href":"https:\/\/www.coeurlumiere.fr\/wordpress\/wp-json\/wp\/v2\/comments?post=358"}],"version-history":[{"count":10,"href":"https:\/\/www.coeurlumiere.fr\/wordpress\/wp-json\/wp\/v2\/pages\/358\/revisions"}],"predecessor-version":[{"id":825,"href":"https:\/\/www.coeurlumiere.fr\/wordpress\/wp-json\/wp\/v2\/pages\/358\/revisions\/825"}],"wp:attachment":[{"href":"https:\/\/www.coeurlumiere.fr\/wordpress\/wp-json\/wp\/v2\/media?parent=358"}],"curies":[{"name":"wp","href":"https:\/\/api.w.org\/{rel}","templated":true}]}}