{"id":626,"date":"2020-01-20T14:24:39","date_gmt":"2020-01-20T13:24:39","guid":{"rendered":"https:\/\/www.coeurlumiere.fr\/wordpress\/?page_id=626"},"modified":"2026-01-02T20:26:44","modified_gmt":"2026-01-02T19:26:44","slug":"decouvrez-les-autres-activites-proposees-par-notre-association","status":"publish","type":"page","link":"https:\/\/www.coeurlumiere.fr\/wordpress\/decouvrez-les-autres-activites-proposees-par-notre-association\/","title":{"rendered":"D\u00e9couvrez les autres activit\u00e9s propos\u00e9es par notre association"},"content":{"rendered":"\n<h2 class=\"wp-block-heading has-text-align-center\">Flamenco<\/h2>\n\n\n<div class=\"wp-block-image\">\n<figure class=\"aligncenter size-large\"><img loading=\"lazy\" decoding=\"async\" width=\"397\" height=\"511\" src=\"https:\/\/www.coeurlumiere.fr\/wordpress\/wp-content\/uploads\/2020\/01\/danseuse-de-flamenco-en-robe-rouge-de-dos.jpg\" alt=\"\" class=\"wp-image-812\" srcset=\"https:\/\/www.coeurlumiere.fr\/wordpress\/wp-content\/uploads\/2020\/01\/danseuse-de-flamenco-en-robe-rouge-de-dos.jpg 397w, https:\/\/www.coeurlumiere.fr\/wordpress\/wp-content\/uploads\/2020\/01\/danseuse-de-flamenco-en-robe-rouge-de-dos-233x300.jpg 233w\" sizes=\"(max-width: 397px) 100vw, 397px\" \/><\/figure><\/div>\n\n\n<p class=\"has-text-align-center\">Venez d\u00e9couvrir avec Catherine Saulas la joie de danser le flamenco.<br>C&rsquo;est un voyage possible \u00e0 chacun(e).<br>Apprendre \u00e0 ma\u00eetriser les pas, le rythme, les castagnettes, le ch\u00e2le, l&rsquo;\u00e9ventail\u2026.. <br>fait partie de cette belle aventure.<br>Pour cela, rendez-vous le lundi de 19h15 \u00e0 20 h 45<\/p>\n\n\n\n<p><\/p>\n\n\n\n<div style=\"height:50px\" aria-hidden=\"true\" class=\"wp-block-spacer\"><\/div>\n\n\n\n<h2 class=\"has-text-align-center\" style=\"background-color:#84c1ff; border-radius:15px;padding: 5px 10px; text-align:center; color: #FFF; font-weight: bold;\"> Prochains \u00e9v\u00e9nements li\u00e9s aux<br>autres activit\u00e9s de l&rsquo;association<\/h2>\n\n\n<div class=\"mec-wrap mec-skin-carousel-container  \" id=\"mec_skin_905\">\r\n        <div class=\"mec-skin-carousel-events-container\" id=\"mec_skin_events_905\">\r\n        Pas d&#039;\u00e9v\u00e9nement actuellement programm\u00e9.    <\/div>\r\n    <\/div>\n","protected":false},"excerpt":{"rendered":"<p>Flamenco Venez d\u00e9couvrir avec Catherine Saulas la joie de danser le flamenco.C&rsquo;est un voyage possible \u00e0 chacun(e).Apprendre \u00e0 ma\u00eetriser les pas, le rythme, les castagnettes, le ch\u00e2le, l&rsquo;\u00e9ventail\u2026.. fait partie de cette belle aventure.Pour cela, rendez-vous le lundi de 19h15 \u00e0 20 h 45 Prochains \u00e9v\u00e9nements li\u00e9s auxautres activit\u00e9s de l&rsquo;association<\/p>\n","protected":false},"author":1,"featured_media":0,"parent":0,"menu_order":0,"comment_status":"closed","ping_status":"closed","template":"","meta":{"footnotes":""},"class_list":["post-626","page","type-page","status-publish","hentry"],"_links":{"self":[{"href":"https:\/\/www.coeurlumiere.fr\/wordpress\/wp-json\/wp\/v2\/pages\/626"}],"collection":[{"href":"https:\/\/www.coeurlumiere.fr\/wordpress\/wp-json\/wp\/v2\/pages"}],"about":[{"href":"https:\/\/www.coeurlumiere.fr\/wordpress\/wp-json\/wp\/v2\/types\/page"}],"author":[{"embeddable":true,"href":"https:\/\/www.coeurlumiere.fr\/wordpress\/wp-json\/wp\/v2\/users\/1"}],"replies":[{"embeddable":true,"href":"https:\/\/www.coeurlumiere.fr\/wordpress\/wp-json\/wp\/v2\/comments?post=626"}],"version-history":[{"count":22,"href":"https:\/\/www.coeurlumiere.fr\/wordpress\/wp-json\/wp\/v2\/pages\/626\/revisions"}],"predecessor-version":[{"id":1040,"href":"https:\/\/www.coeurlumiere.fr\/wordpress\/wp-json\/wp\/v2\/pages\/626\/revisions\/1040"}],"wp:attachment":[{"href":"https:\/\/www.coeurlumiere.fr\/wordpress\/wp-json\/wp\/v2\/media?parent=626"}],"curies":[{"name":"wp","href":"https:\/\/api.w.org\/{rel}","templated":true}]}}