{"id":645,"date":"2020-01-20T15:54:38","date_gmt":"2020-01-20T14:54:38","guid":{"rendered":"https:\/\/www.coeurlumiere.fr\/wordpress\/?page_id=645"},"modified":"2020-01-20T15:56:42","modified_gmt":"2020-01-20T14:56:42","slug":"archives","status":"publish","type":"page","link":"https:\/\/www.coeurlumiere.fr\/wordpress\/archives\/","title":{"rendered":"Archives"},"content":{"rendered":"\n<h2 class=\"wp-block-heading\">Tous les \u00e9v\u00e9nements de C\u0153ur Lumi\u00e8re<\/h2>\n\n\n\n<div class=\"mec-wrap mec-skin-list-container  \" id=\"mec_skin_648\">\r\n\r\n    \r\n            <div class=\"mec-skin-list-events-container\" id=\"mec_skin_events_648\">\r\n        <div class=\"mec-wrap colorskin-custom\">\r\n\t<div class=\"mec-event-list-classic\">\r\n\t\t\r\n                        <div class=\"mec-month-divider\" data-toggle-divider=\"mec-toggle-201809-648\"><span>septembre 2018<\/span><i class=\"mec-sl-arrow-down\"><\/i><\/div>\r\n            \r\n                        <article class=\"mec-past-event mec-event-article  mec-clear  mec-divider-toggle mec-toggle-201809-648\" itemscope>\r\n                                    <div class=\"mec-event-image\"><a class=\"mec-color-hover\" data-event-id=\"799\" href=\"https:\/\/www.coeurlumiere.fr\/wordpress\/events\/stage-de-gospel-dimanche-30-septembre-2018\/\" target=\"_self\" rel=\"noopener\"><img loading=\"lazy\" decoding=\"async\" width=\"150\" height=\"150\" src=\"https:\/\/www.coeurlumiere.fr\/wordpress\/wp-content\/uploads\/2020\/01\/2018-09-30-LightnGospel-stage-30sept-250-2018-4-150x150.jpg\" class=\"attachment-thumbnail size-thumbnail wp-post-image\" alt=\"\" data-mec-postid=\"799\" \/><\/a><\/div>\r\n                                            <div class=\"mec-event-date mec-color\"><i class=\"mec-sl-calendar\"><\/i> 30 Sep 2018<\/div>\r\n                                                                                <h4 class=\"mec-event-title\"><a class=\"mec-color-hover\" data-event-id=\"799\" href=\"https:\/\/www.coeurlumiere.fr\/wordpress\/events\/stage-de-gospel-dimanche-30-septembre-2018\/\" target=\"_self\" rel=\"noopener\">Stage de Gospel &#8211; Dimanche 30 septembre 2018<\/a><span class=\"event-color\" style=\"background: #00a0d2\"><\/span><\/h4>\r\n                    <div class=\"mec-event-detail\"><div class=\"mec-event-loc-place\"><i class=\"mec-sl-map-marker\"><\/i> Maison des associations de D\u00e9ols<\/div><\/div>                                                                                                            <\/article>\r\n            \t\t\r\n                        <div class=\"mec-month-divider\" data-toggle-divider=\"mec-toggle-201812-648\"><span>d\u00e9cembre 2018<\/span><i class=\"mec-sl-arrow-down\"><\/i><\/div>\r\n            \r\n                        <article class=\"mec-past-event mec-event-article  mec-clear  mec-divider-toggle mec-toggle-201812-648\" itemscope>\r\n                                    <div class=\"mec-event-image\"><a class=\"mec-color-hover\" data-event-id=\"811\" href=\"https:\/\/www.coeurlumiere.fr\/wordpress\/events\/concert-lightn-gospel-dimanche-16-decembre-2018-eglise-de-cuzion\/\" target=\"_self\" rel=\"noopener\"><img loading=\"lazy\" decoding=\"async\" width=\"150\" height=\"150\" src=\"https:\/\/www.coeurlumiere.fr\/wordpress\/wp-content\/uploads\/2020\/01\/2018-12-16-LightnGospel-concer-cuzion250-4-150x150.jpg\" class=\"attachment-thumbnail size-thumbnail wp-post-image\" alt=\"\" data-mec-postid=\"811\" \/><\/a><\/div>\r\n                                            <div class=\"mec-event-date mec-color\"><i class=\"mec-sl-calendar\"><\/i> 16 D\u00e9c 2018<\/div>\r\n                                                                                <h4 class=\"mec-event-title\"><a class=\"mec-color-hover\" data-event-id=\"811\" href=\"https:\/\/www.coeurlumiere.fr\/wordpress\/events\/concert-lightn-gospel-dimanche-16-decembre-2018-eglise-de-cuzion\/\" target=\"_self\" rel=\"noopener\">Concert Light&rsquo;n Gospel &#8211; Dimanche 16 d\u00e9cembre 2018 &#8211; Eglise de Cuzion<\/a><span class=\"event-color\" style=\"background: #00a0d2\"><\/span><\/h4>\r\n                                                                                                                                <\/article>\r\n            \t\t\r\n                        <div class=\"mec-month-divider\" data-toggle-divider=\"mec-toggle-201901-648\"><span>janvier 2019<\/span><i class=\"mec-sl-arrow-down\"><\/i><\/div>\r\n            \r\n                        <article class=\"mec-past-event mec-event-article  mec-clear  mec-divider-toggle mec-toggle-201901-648\" itemscope>\r\n                                    <div class=\"mec-event-image\"><a class=\"mec-color-hover\" data-event-id=\"797\" href=\"https:\/\/www.coeurlumiere.fr\/wordpress\/events\/stage-de-gospel-dimanche-6-janvier-2019\/\" target=\"_self\" rel=\"noopener\"><img loading=\"lazy\" decoding=\"async\" width=\"150\" height=\"150\" src=\"https:\/\/www.coeurlumiere.fr\/wordpress\/wp-content\/uploads\/2020\/01\/2019-01-06-LightnGospel-stage-janvier-2019-250-3-150x150.jpg\" class=\"attachment-thumbnail size-thumbnail wp-post-image\" alt=\"\" data-mec-postid=\"797\" \/><\/a><\/div>\r\n                                            <div class=\"mec-event-date mec-color\"><i class=\"mec-sl-calendar\"><\/i> 06 Jan 2019<\/div>\r\n                                                                                <h4 class=\"mec-event-title\"><a class=\"mec-color-hover\" data-event-id=\"797\" href=\"https:\/\/www.coeurlumiere.fr\/wordpress\/events\/stage-de-gospel-dimanche-6-janvier-2019\/\" target=\"_self\" rel=\"noopener\">Stage de Gospel &#8211; Dimanche 6 janvier 2019<\/a><span class=\"event-color\" style=\"background: #00a0d2\"><\/span><\/h4>\r\n                    <div class=\"mec-event-detail\"><div class=\"mec-event-loc-place\"><i class=\"mec-sl-map-marker\"><\/i> Maison des associations de D\u00e9ols<\/div><\/div>                                                                                                            <\/article>\r\n            \t\t\r\n                        <div class=\"mec-month-divider\" data-toggle-divider=\"mec-toggle-201902-648\"><span>f\u00e9vrier 2019<\/span><i class=\"mec-sl-arrow-down\"><\/i><\/div>\r\n            \r\n                        <article class=\"mec-past-event mec-event-article  mec-clear  mec-divider-toggle mec-toggle-201902-648\" itemscope>\r\n                                    <div class=\"mec-event-image\"><a class=\"mec-color-hover\" data-event-id=\"511\" href=\"https:\/\/www.coeurlumiere.fr\/wordpress\/events\/estime-de-soi-et-loi-de-lattraction-avec-jean-marc-chenu-le-8-02-2019-et-atelier-le-9-02-2019\/\" target=\"_self\" rel=\"noopener\"><img loading=\"lazy\" decoding=\"async\" width=\"150\" height=\"150\" src=\"https:\/\/www.coeurlumiere.fr\/wordpress\/wp-content\/uploads\/2020\/01\/2019-02-08-conference-jmchenu250-150x150.jpg\" class=\"attachment-thumbnail size-thumbnail wp-post-image\" alt=\"\" data-mec-postid=\"511\" \/><\/a><\/div>\r\n                                            <div class=\"mec-event-date mec-color\"><i class=\"mec-sl-calendar\"><\/i> 08 F\u00e9v 2019<\/div>\r\n                                                                                <h4 class=\"mec-event-title\"><a class=\"mec-color-hover\" data-event-id=\"511\" href=\"https:\/\/www.coeurlumiere.fr\/wordpress\/events\/estime-de-soi-et-loi-de-lattraction-avec-jean-marc-chenu-le-8-02-2019-et-atelier-le-9-02-2019\/\" target=\"_self\" rel=\"noopener\">Estime de Soi et Loi de l\u2019Attraction \u2013 avec Jean-Marc Chenu le 8\/02\/2019 et atelier le 9\/02\/2019<\/a><span class=\"event-color\" style=\"background: #00a0d2\"><\/span><\/h4>\r\n                    <div class=\"mec-event-detail\"><div class=\"mec-event-loc-place\"><i class=\"mec-sl-map-marker\"><\/i> Domaine de La Parenth\u00e8se Les Grands Orangeons 36250 Saint Maur<\/div><\/div>                                                                                                            <\/article>\r\n            \t\t\r\n            \r\n                        <article class=\"mec-past-event mec-event-article  mec-clear  mec-divider-toggle mec-toggle-201902-648\" itemscope>\r\n                                    <div class=\"mec-event-image\"><a class=\"mec-color-hover\" data-event-id=\"511\" href=\"https:\/\/www.coeurlumiere.fr\/wordpress\/events\/estime-de-soi-et-loi-de-lattraction-avec-jean-marc-chenu-le-8-02-2019-et-atelier-le-9-02-2019\/\" target=\"_self\" rel=\"noopener\"><img loading=\"lazy\" decoding=\"async\" width=\"150\" height=\"150\" src=\"https:\/\/www.coeurlumiere.fr\/wordpress\/wp-content\/uploads\/2020\/01\/2019-02-08-conference-jmchenu250-150x150.jpg\" class=\"attachment-thumbnail size-thumbnail wp-post-image\" alt=\"\" data-mec-postid=\"511\" \/><\/a><\/div>\r\n                                            <div class=\"mec-event-date mec-color\"><i class=\"mec-sl-calendar\"><\/i> 09 F\u00e9v 2019<\/div>\r\n                                                                                <h4 class=\"mec-event-title\"><a class=\"mec-color-hover\" data-event-id=\"511\" href=\"https:\/\/www.coeurlumiere.fr\/wordpress\/events\/estime-de-soi-et-loi-de-lattraction-avec-jean-marc-chenu-le-8-02-2019-et-atelier-le-9-02-2019\/\" target=\"_self\" rel=\"noopener\">Estime de Soi et Loi de l\u2019Attraction \u2013 avec Jean-Marc Chenu le 8\/02\/2019 et atelier le 9\/02\/2019<\/a><span class=\"event-color\" style=\"background: #00a0d2\"><\/span><\/h4>\r\n                    <div class=\"mec-event-detail\"><div class=\"mec-event-loc-place\"><i class=\"mec-sl-map-marker\"><\/i> Domaine de La Parenth\u00e8se Les Grands Orangeons 36250 Saint Maur<\/div><\/div>                                                                                                            <\/article>\r\n            \t\t\r\n                        <div class=\"mec-month-divider\" data-toggle-divider=\"mec-toggle-201903-648\"><span>mars 2019<\/span><i class=\"mec-sl-arrow-down\"><\/i><\/div>\r\n            \r\n                        <article class=\"mec-past-event mec-event-article  mec-clear  mec-divider-toggle mec-toggle-201903-648\" itemscope>\r\n                                    <div class=\"mec-event-image\"><a class=\"mec-color-hover\" data-event-id=\"807\" href=\"https:\/\/www.coeurlumiere.fr\/wordpress\/events\/concert-lightn-gospel-vendredi-15-mars-2019-a-deols\/\" target=\"_self\" rel=\"noopener\"><img loading=\"lazy\" decoding=\"async\" width=\"150\" height=\"150\" src=\"https:\/\/www.coeurlumiere.fr\/wordpress\/wp-content\/uploads\/2020\/01\/2019-03-15-LightnGospel-30ansdumaire-3-150x150.jpg\" class=\"attachment-thumbnail size-thumbnail wp-post-image\" alt=\"\" data-mec-postid=\"807\" \/><\/a><\/div>\r\n                                            <div class=\"mec-event-date mec-color\"><i class=\"mec-sl-calendar\"><\/i> 15 Mar 2019<\/div>\r\n                                                                                <h4 class=\"mec-event-title\"><a class=\"mec-color-hover\" data-event-id=\"807\" href=\"https:\/\/www.coeurlumiere.fr\/wordpress\/events\/concert-lightn-gospel-vendredi-15-mars-2019-a-deols\/\" target=\"_self\" rel=\"noopener\">Concert Light&rsquo;n Gospel &#8211; Vendredi 15 mars 2019 \u00e0 D\u00e9ols<\/a><span class=\"event-color\" style=\"background: #00a0d2\"><\/span><\/h4>\r\n                                                                                                                                <\/article>\r\n            \t\t\r\n            \r\n                        <article class=\"mec-past-event mec-event-article  mec-clear  mec-divider-toggle mec-toggle-201903-648\" itemscope>\r\n                                    <div class=\"mec-event-image\"><a class=\"mec-color-hover\" data-event-id=\"361\" href=\"https:\/\/www.coeurlumiere.fr\/wordpress\/events\/voyage-sonore-sacre-de-lequinoxe\/\" target=\"_self\" rel=\"noopener\"><img loading=\"lazy\" decoding=\"async\" width=\"150\" height=\"150\" src=\"https:\/\/www.coeurlumiere.fr\/wordpress\/wp-content\/uploads\/2020\/01\/2019-03-23-voyagesonoremars_nouveau-150x150.jpg\" class=\"attachment-thumbnail size-thumbnail wp-post-image\" alt=\"\" data-mec-postid=\"361\" \/><\/a><\/div>\r\n                                            <div class=\"mec-event-date mec-color\"><i class=\"mec-sl-calendar\"><\/i> 23 Mar 2019<\/div>\r\n                                                                                <h4 class=\"mec-event-title\"><a class=\"mec-color-hover\" data-event-id=\"361\" href=\"https:\/\/www.coeurlumiere.fr\/wordpress\/events\/voyage-sonore-sacre-de-lequinoxe\/\" target=\"_self\" rel=\"noopener\">Voyage sonore sacr\u00e9 de l\u2019\u00c9quinoxe &#8211; 23 mars 2019<\/a><span class=\"event-color\" style=\"background: #00a0d2\"><\/span><\/h4>\r\n                    <div class=\"mec-event-detail\"><div class=\"mec-event-loc-place\"><i class=\"mec-sl-map-marker\"><\/i> Domaine de La Parenth\u00e8se Les Grands Orangeons 36250 Saint Maur<\/div><\/div>                                                                                                            <\/article>\r\n            \t\t\r\n            \r\n                        <article class=\"mec-past-event mec-event-article  mec-clear  mec-divider-toggle mec-toggle-201903-648\" itemscope>\r\n                                    <div class=\"mec-event-image\"><a class=\"mec-color-hover\" data-event-id=\"717\" href=\"https:\/\/www.coeurlumiere.fr\/wordpress\/events\/stage-de-chant-intuitif-sacre-dimanche-24-mars-2019-espace-art-et-culture-deols\/\" target=\"_self\" rel=\"noopener\"><img loading=\"lazy\" decoding=\"async\" width=\"150\" height=\"150\" src=\"https:\/\/www.coeurlumiere.fr\/wordpress\/wp-content\/uploads\/2020\/01\/2016-03-24-chant-intuitif_nouveau-150x150.jpg\" class=\"attachment-thumbnail size-thumbnail wp-post-image\" alt=\"\" data-mec-postid=\"717\" \/><\/a><\/div>\r\n                                            <div class=\"mec-event-date mec-color\"><i class=\"mec-sl-calendar\"><\/i> 24 Mar 2019<\/div>\r\n                                                                                <h4 class=\"mec-event-title\"><a class=\"mec-color-hover\" data-event-id=\"717\" href=\"https:\/\/www.coeurlumiere.fr\/wordpress\/events\/stage-de-chant-intuitif-sacre-dimanche-24-mars-2019-espace-art-et-culture-deols\/\" target=\"_self\" rel=\"noopener\">Stage de chant intuitif sacr\u00e9 &#8211; Dimanche 24 mars 2019 &#8211; Espace Art et Culture D\u00e9ols<\/a><span class=\"event-color\" style=\"background: #00a0d2\"><\/span><\/h4>\r\n                    <div class=\"mec-event-detail\"><div class=\"mec-event-loc-place\"><i class=\"mec-sl-map-marker\"><\/i> Espace Art &amp; Culture D\u00e9ols<\/div><\/div>                                                                                                            <\/article>\r\n            \t\t\r\n                        <div class=\"mec-month-divider\" data-toggle-divider=\"mec-toggle-201904-648\"><span>avril 2019<\/span><i class=\"mec-sl-arrow-down\"><\/i><\/div>\r\n            \r\n                        <article class=\"mec-past-event mec-event-article  mec-clear  mec-divider-toggle mec-toggle-201904-648\" itemscope>\r\n                                    <div class=\"mec-event-image\"><a class=\"mec-color-hover\" data-event-id=\"731\" href=\"https:\/\/www.coeurlumiere.fr\/wordpress\/events\/le-chant-souffle-de-vie-avec-yseult-welsch-vendredi-26-avril-20h\/\" target=\"_self\" rel=\"noopener\"><img loading=\"lazy\" decoding=\"async\" width=\"150\" height=\"150\" src=\"https:\/\/www.coeurlumiere.fr\/wordpress\/wp-content\/uploads\/2020\/01\/2019-04-26-chant-souffle-vie-1-150x150.png\" class=\"attachment-thumbnail size-thumbnail wp-post-image\" alt=\"\" data-mec-postid=\"731\" \/><\/a><\/div>\r\n                                            <div class=\"mec-event-date mec-color\"><i class=\"mec-sl-calendar\"><\/i> 26 Avr 2019<\/div>\r\n                                                                                <h4 class=\"mec-event-title\"><a class=\"mec-color-hover\" data-event-id=\"731\" href=\"https:\/\/www.coeurlumiere.fr\/wordpress\/events\/le-chant-souffle-de-vie-avec-yseult-welsch-vendredi-26-avril-20h\/\" target=\"_self\" rel=\"noopener\">Le Chant souffle de Vie avec Yseult Welsch &#8211; Vendredi 26 avril 2019 \u00e0 20h<\/a><span class=\"event-color\" style=\"background: #00a0d2\"><\/span><\/h4>\r\n                    <div class=\"mec-event-detail\"><div class=\"mec-event-loc-place\"><i class=\"mec-sl-map-marker\"><\/i> Maison des associations de D\u00e9ols<\/div><\/div>                                                                                                            <\/article>\r\n            \t\t\r\n                        <div class=\"mec-month-divider\" data-toggle-divider=\"mec-toggle-201905-648\"><span>mai 2019<\/span><i class=\"mec-sl-arrow-down\"><\/i><\/div>\r\n            \r\n                        <article class=\"mec-past-event mec-event-article  mec-clear  mec-divider-toggle mec-toggle-201905-648\" itemscope>\r\n                                    <div class=\"mec-event-image\"><a class=\"mec-color-hover\" data-event-id=\"739\" href=\"https:\/\/www.coeurlumiere.fr\/wordpress\/events\/decouvrir-le-langage-des-couleurs-du-10-au-12-mai-2019\/\" target=\"_self\" rel=\"noopener\"><img loading=\"lazy\" decoding=\"async\" width=\"150\" height=\"150\" src=\"https:\/\/www.coeurlumiere.fr\/wordpress\/wp-content\/uploads\/2020\/01\/2019-05-10-langage-des-couleurs-1-150x150.png\" class=\"attachment-thumbnail size-thumbnail wp-post-image\" alt=\"\" data-mec-postid=\"739\" \/><\/a><\/div>\r\n                                            <div class=\"mec-event-date mec-color\"><i class=\"mec-sl-calendar\"><\/i> 10 Mai 2019<\/div>\r\n                                                                                <h4 class=\"mec-event-title\"><a class=\"mec-color-hover\" data-event-id=\"739\" href=\"https:\/\/www.coeurlumiere.fr\/wordpress\/events\/decouvrir-le-langage-des-couleurs-du-10-au-12-mai-2019\/\" target=\"_self\" rel=\"noopener\">D\u00e9couvrir le langage des couleurs &#8211; Du 10 au 12 mai 2019<\/a><span class=\"event-color\" style=\"background: #00a0d2\"><\/span><\/h4>\r\n                    <div class=\"mec-event-detail\"><div class=\"mec-event-loc-place\"><i class=\"mec-sl-map-marker\"><\/i> Domaine de La Parenth\u00e8se Les Grands Orangeons 36250 Saint Maur<\/div><\/div>                                                                                                            <\/article>\r\n            \t\t\r\n            \r\n                        <article class=\"mec-past-event mec-event-article  mec-clear  mec-divider-toggle mec-toggle-201905-648\" itemscope>\r\n                                    <div class=\"mec-event-image\"><a class=\"mec-color-hover\" data-event-id=\"739\" href=\"https:\/\/www.coeurlumiere.fr\/wordpress\/events\/decouvrir-le-langage-des-couleurs-du-10-au-12-mai-2019\/\" target=\"_self\" rel=\"noopener\"><img loading=\"lazy\" decoding=\"async\" width=\"150\" height=\"150\" src=\"https:\/\/www.coeurlumiere.fr\/wordpress\/wp-content\/uploads\/2020\/01\/2019-05-10-langage-des-couleurs-1-150x150.png\" class=\"attachment-thumbnail size-thumbnail wp-post-image\" alt=\"\" data-mec-postid=\"739\" \/><\/a><\/div>\r\n                                            <div class=\"mec-event-date mec-color\"><i class=\"mec-sl-calendar\"><\/i> 11 Mai 2019<\/div>\r\n                                                                                <h4 class=\"mec-event-title\"><a class=\"mec-color-hover\" data-event-id=\"739\" href=\"https:\/\/www.coeurlumiere.fr\/wordpress\/events\/decouvrir-le-langage-des-couleurs-du-10-au-12-mai-2019\/\" target=\"_self\" rel=\"noopener\">D\u00e9couvrir le langage des couleurs &#8211; Du 10 au 12 mai 2019<\/a><span class=\"event-color\" style=\"background: #00a0d2\"><\/span><\/h4>\r\n                    <div class=\"mec-event-detail\"><div class=\"mec-event-loc-place\"><i class=\"mec-sl-map-marker\"><\/i> Domaine de La Parenth\u00e8se Les Grands Orangeons 36250 Saint Maur<\/div><\/div>                                                                                                            <\/article>\r\n            \t\t\r\n            \r\n                        <article class=\"mec-past-event mec-event-article  mec-clear  mec-divider-toggle mec-toggle-201905-648\" itemscope>\r\n                                    <div class=\"mec-event-image\"><a class=\"mec-color-hover\" data-event-id=\"739\" href=\"https:\/\/www.coeurlumiere.fr\/wordpress\/events\/decouvrir-le-langage-des-couleurs-du-10-au-12-mai-2019\/\" target=\"_self\" rel=\"noopener\"><img loading=\"lazy\" decoding=\"async\" width=\"150\" height=\"150\" src=\"https:\/\/www.coeurlumiere.fr\/wordpress\/wp-content\/uploads\/2020\/01\/2019-05-10-langage-des-couleurs-1-150x150.png\" class=\"attachment-thumbnail size-thumbnail wp-post-image\" alt=\"\" data-mec-postid=\"739\" \/><\/a><\/div>\r\n                                            <div class=\"mec-event-date mec-color\"><i class=\"mec-sl-calendar\"><\/i> 12 Mai 2019<\/div>\r\n                                                                                <h4 class=\"mec-event-title\"><a class=\"mec-color-hover\" data-event-id=\"739\" href=\"https:\/\/www.coeurlumiere.fr\/wordpress\/events\/decouvrir-le-langage-des-couleurs-du-10-au-12-mai-2019\/\" target=\"_self\" rel=\"noopener\">D\u00e9couvrir le langage des couleurs &#8211; Du 10 au 12 mai 2019<\/a><span class=\"event-color\" style=\"background: #00a0d2\"><\/span><\/h4>\r\n                    <div class=\"mec-event-detail\"><div class=\"mec-event-loc-place\"><i class=\"mec-sl-map-marker\"><\/i> Domaine de La Parenth\u00e8se Les Grands Orangeons 36250 Saint Maur<\/div><\/div>                                                                                                            <\/article>\r\n            \t\t\t<\/div>\r\n<\/div>\r\n\r\n    <\/div>\r\n    <div class=\"mec-skin-list-no-events-container mec-util-hidden\" id=\"mec_skin_no_events_648\">\r\n        Pas d&#039;\u00e9v\u00e9nement actuellement programm\u00e9.    <\/div>\r\n    \r\n        <div class=\"mec-load-more-wrap\"><div tabindex=\"0\" class=\"mec-load-more-button \">Afficher plus<\/div><\/div>\r\n    \r\n<\/div>\n","protected":false},"excerpt":{"rendered":"<p>Tous les \u00e9v\u00e9nements de C\u0153ur Lumi\u00e8re<\/p>\n","protected":false},"author":1,"featured_media":0,"parent":0,"menu_order":0,"comment_status":"closed","ping_status":"closed","template":"","meta":{"footnotes":""},"class_list":["post-645","page","type-page","status-publish","hentry"],"_links":{"self":[{"href":"https:\/\/www.coeurlumiere.fr\/wordpress\/wp-json\/wp\/v2\/pages\/645"}],"collection":[{"href":"https:\/\/www.coeurlumiere.fr\/wordpress\/wp-json\/wp\/v2\/pages"}],"about":[{"href":"https:\/\/www.coeurlumiere.fr\/wordpress\/wp-json\/wp\/v2\/types\/page"}],"author":[{"embeddable":true,"href":"https:\/\/www.coeurlumiere.fr\/wordpress\/wp-json\/wp\/v2\/users\/1"}],"replies":[{"embeddable":true,"href":"https:\/\/www.coeurlumiere.fr\/wordpress\/wp-json\/wp\/v2\/comments?post=645"}],"version-history":[{"count":2,"href":"https:\/\/www.coeurlumiere.fr\/wordpress\/wp-json\/wp\/v2\/pages\/645\/revisions"}],"predecessor-version":[{"id":649,"href":"https:\/\/www.coeurlumiere.fr\/wordpress\/wp-json\/wp\/v2\/pages\/645\/revisions\/649"}],"wp:attachment":[{"href":"https:\/\/www.coeurlumiere.fr\/wordpress\/wp-json\/wp\/v2\/media?parent=645"}],"curies":[{"name":"wp","href":"https:\/\/api.w.org\/{rel}","templated":true}]}}