{"id":7,"date":"2020-01-12T18:29:09","date_gmt":"2020-01-12T17:29:09","guid":{"rendered":"https:\/\/www.coeurlumiere.fr\/wordpress\/?page_id=7"},"modified":"2026-01-02T20:22:05","modified_gmt":"2026-01-02T19:22:05","slug":"lassociation-coeur-lumiere","status":"publish","type":"page","link":"https:\/\/www.coeurlumiere.fr\/wordpress\/","title":{"rendered":"L&rsquo;Association C\u0153ur Lumi\u00e8re"},"content":{"rendered":"\n<p class=\"has-text-align-center\"> C\u0153ur Lumi\u00e8re a pour valeurs  de:<br> \u200b<br> &#8211; mettre en harmonie le  corps, la conscience, le c\u0153ur et l&rsquo;esprit <br>par des techniques de d\u00e9veloppement personnel<br> &#8211; permettre de porter un  regard positif sur soi et son environnement ;  <br> &#8211; g\u00e9rer le stress ;<br> &#8211; faire face aux situations  difficiles de la vie.<br> \u200b<br> Pour cela l&rsquo;association  organise des conf\u00e9rences pour diffuser <br>la connaissance  de m\u00e9thodes de d\u00e9veloppement personnel <br>et des ateliers  de mise en pratique.<br> \u200b<br> L&rsquo;association s&rsquo;oriente aussi  pour mettre de la joie dans sa vie <br>par des activit\u00e9s  artistiques, chant, danse, et autre..<br> \u200b<br> Toutes activit\u00e9s conviviales ou de recueillement <br>qui am\u00e8nent compr\u00e9hension,  recollement de soi et de son histoire, <br>po\u00e9sie, lyrisme,  d\u00e9tente, partage, \u00e9change, nouvel angle de vue,  <br>harmonie, respect, dans le sentiment que chacun fait ce  qu&rsquo;il peut, <br>\u00e0 son rythme, avec calme ou vigueur. <br>Des  activit\u00e9s revigorantes d&rsquo;enseignement et de cr\u00e9ation. <\/p>\n\n\n\n<div style=\"height:50px\" aria-hidden=\"true\" class=\"wp-block-spacer\"><\/div>\n\n\n\n<p class=\"has-text-align-center\">La plupart des activit\u00e9s se d\u00e9roulent \u00e0 la salle Madeleine Sologne,rue Max Hymans,\u00e0 Ch\u00e2teauroux<\/p>\n\n\n\n<div style=\"height:50px\" aria-hidden=\"true\" class=\"wp-block-spacer\"><\/div>\n\n\n\n<div style=\"height:50px\" aria-hidden=\"true\" class=\"wp-block-spacer\"><\/div>\n\n\n\n<h2 class=\"has-text-align-center\" style=\"background-color:#84c1ff; border-radius:15px;padding: 5px 10px; text-align:center; color: #FFF; font-weight: bold;\">D\u00e9couvrez nos prochains \u00e9v\u00e9nements<\/h2>\n\n\n<div class=\"mec-wrap mec-skin-carousel-container  \" id=\"mec_skin_838\">\r\n        <div class=\"mec-skin-carousel-events-container\" id=\"mec_skin_events_838\">\r\n        Pas d&#039;\u00e9v\u00e9nement actuellement programm\u00e9.    <\/div>\r\n    <\/div>\n\n\n\n<p><\/p>\n","protected":false},"excerpt":{"rendered":"<p>C\u0153ur Lumi\u00e8re a pour valeurs de: \u200b &#8211; mettre en harmonie le corps, la conscience, le c\u0153ur et l&rsquo;esprit par des techniques de d\u00e9veloppement personnel &#8211; permettre de porter un regard positif sur soi et son environnement ; &#8211; g\u00e9rer le stress ; &#8211; faire face aux situations difficiles de la vie. \u200b Pour cela &hellip; <\/p>\n<p class=\"link-more\"><a href=\"https:\/\/www.coeurlumiere.fr\/wordpress\/\" class=\"more-link\">Continuer la lecture<span class=\"screen-reader-text\"> de &laquo;&nbsp;L&rsquo;Association C\u0153ur Lumi\u00e8re&nbsp;&raquo;<\/span><\/a><\/p>\n","protected":false},"author":2,"featured_media":0,"parent":0,"menu_order":0,"comment_status":"closed","ping_status":"closed","template":"","meta":{"footnotes":""},"class_list":["post-7","page","type-page","status-publish","hentry"],"_links":{"self":[{"href":"https:\/\/www.coeurlumiere.fr\/wordpress\/wp-json\/wp\/v2\/pages\/7"}],"collection":[{"href":"https:\/\/www.coeurlumiere.fr\/wordpress\/wp-json\/wp\/v2\/pages"}],"about":[{"href":"https:\/\/www.coeurlumiere.fr\/wordpress\/wp-json\/wp\/v2\/types\/page"}],"author":[{"embeddable":true,"href":"https:\/\/www.coeurlumiere.fr\/wordpress\/wp-json\/wp\/v2\/users\/2"}],"replies":[{"embeddable":true,"href":"https:\/\/www.coeurlumiere.fr\/wordpress\/wp-json\/wp\/v2\/comments?post=7"}],"version-history":[{"count":51,"href":"https:\/\/www.coeurlumiere.fr\/wordpress\/wp-json\/wp\/v2\/pages\/7\/revisions"}],"predecessor-version":[{"id":1037,"href":"https:\/\/www.coeurlumiere.fr\/wordpress\/wp-json\/wp\/v2\/pages\/7\/revisions\/1037"}],"wp:attachment":[{"href":"https:\/\/www.coeurlumiere.fr\/wordpress\/wp-json\/wp\/v2\/media?parent=7"}],"curies":[{"name":"wp","href":"https:\/\/api.w.org\/{rel}","templated":true}]}}