{"id":91,"date":"2020-01-13T08:57:15","date_gmt":"2020-01-13T07:57:15","guid":{"rendered":"https:\/\/www.coeurlumiere.fr\/wordpress\/?page_id=91"},"modified":"2020-01-21T12:44:17","modified_gmt":"2020-01-21T11:44:17","slug":"mentions-legales","status":"publish","type":"page","link":"https:\/\/www.coeurlumiere.fr\/wordpress\/mentions-legales\/","title":{"rendered":"Mentions l\u00e9gales"},"content":{"rendered":"\n<h2 class=\"has-text-align-center wp-block-heading\">Association C\u0153ur Lumi\u00e8re<\/h2>\n\n\n\n<p class=\"has-text-align-center\">Association loi de 1901<br>Association&nbsp; \u00catre en Harmonie&nbsp; \/ C\u0153ur Lumi\u00e8re  &#8211; 24 boulevard Croix Normand &#8211; 36000 Ch\u00e2teauroux &#8211; T\u00e9l.:  02 54 27 20 <br>SIREN : 508 070 570&nbsp; APE&nbsp; : 8690F<br>date de prise d&rsquo;activit\u00e9 : 27\/10\/1997 puis C\u0153ur  Lumi\u00e8re le 20\/01\/2014<\/p>\n\n\n\n<h2 class=\"has-text-align-center wp-block-heading\">H\u00e9bergement<\/h2>\n\n\n\n<p class=\"has-text-align-center\"> OVH<br>SAS au capital de 10 069 020 \u20ac<br>RCS Lille M\u00e9tropole 424 761 419 00045<br>Code APE 2620Z<br>N\u00b0 TVA : FR 22 424 761 419<br>Si\u00e8ge social : 2 rue Kellermann &#8211; 59100 Roubaix &#8211;  France<br>Directeur de la publication : pr\u00e9sident(e) de l\u2019association C\u0153ur Lumi\u00e8re<\/p>\n\n\n\n<h2 class=\"has-text-align-center wp-block-heading\">Politique des cookies<\/h2>\n\n\n\n<p class=\"has-text-align-center\">Ce site utilise des cookies :<br>des petits fichiers texte qui sont plac\u00e9s sur votre machine.<br><br>L\u2019utilisation des cookies sur notre site a pour unique objectif<br>d\u2019en mesurer l\u2019audience sous forme de statistiques anonymes.<br><br>Vous pouvez pr\u00e9f\u00e9rer d\u00e9sactiver les cookies sur ce site en<br>d\u00e9sactivant les cookies dans votre navigateur.<br><br>Vous pouvez \u00e9galement demander \u00e0 ce que toutes les donn\u00e9es vous concernant soient supprim\u00e9e en nous le demandant par courrier\/e-mail \u00e0 notre adresse.<\/p>\n\n\n\n<h2 class=\"has-text-align-center wp-block-heading\">Cr\u00e9dits<\/h2>\n\n\n\n<p class=\"has-text-align-center\">Vid\u00e9o d&rsquo;en-t\u00eate : <a rel=\"noreferrer noopener\" aria-label=\"https:\/\/www.youtube.com\/watch?v=9TGlc0Fufgk (s\u2019ouvre dans un nouvel onglet)\" href=\"https:\/\/www.youtube.com\/watch?v=9TGlc0Fufgk\" target=\"_blank\">https:\/\/www.youtube.com\/watch?v=9TGlc0Fufgk<\/a><\/p>\n","protected":false},"excerpt":{"rendered":"<p>Association C\u0153ur Lumi\u00e8re Association loi de 1901Association&nbsp; \u00catre en Harmonie&nbsp; \/ C\u0153ur Lumi\u00e8re &#8211; 24 boulevard Croix Normand &#8211; 36000 Ch\u00e2teauroux &#8211; T\u00e9l.: 02 54 27 20 SIREN : 508 070 570&nbsp; APE&nbsp; : 8690Fdate de prise d&rsquo;activit\u00e9 : 27\/10\/1997 puis C\u0153ur Lumi\u00e8re le 20\/01\/2014 H\u00e9bergement OVHSAS au capital de 10 069 020 \u20acRCS Lille &hellip; <\/p>\n<p class=\"link-more\"><a href=\"https:\/\/www.coeurlumiere.fr\/wordpress\/mentions-legales\/\" class=\"more-link\">Continuer la lecture<span class=\"screen-reader-text\"> de &laquo;&nbsp;Mentions l\u00e9gales&nbsp;&raquo;<\/span><\/a><\/p>\n","protected":false},"author":2,"featured_media":0,"parent":0,"menu_order":0,"comment_status":"closed","ping_status":"closed","template":"","meta":{"footnotes":""},"class_list":["post-91","page","type-page","status-publish","hentry"],"_links":{"self":[{"href":"https:\/\/www.coeurlumiere.fr\/wordpress\/wp-json\/wp\/v2\/pages\/91"}],"collection":[{"href":"https:\/\/www.coeurlumiere.fr\/wordpress\/wp-json\/wp\/v2\/pages"}],"about":[{"href":"https:\/\/www.coeurlumiere.fr\/wordpress\/wp-json\/wp\/v2\/types\/page"}],"author":[{"embeddable":true,"href":"https:\/\/www.coeurlumiere.fr\/wordpress\/wp-json\/wp\/v2\/users\/2"}],"replies":[{"embeddable":true,"href":"https:\/\/www.coeurlumiere.fr\/wordpress\/wp-json\/wp\/v2\/comments?post=91"}],"version-history":[{"count":11,"href":"https:\/\/www.coeurlumiere.fr\/wordpress\/wp-json\/wp\/v2\/pages\/91\/revisions"}],"predecessor-version":[{"id":710,"href":"https:\/\/www.coeurlumiere.fr\/wordpress\/wp-json\/wp\/v2\/pages\/91\/revisions\/710"}],"wp:attachment":[{"href":"https:\/\/www.coeurlumiere.fr\/wordpress\/wp-json\/wp\/v2\/media?parent=91"}],"curies":[{"name":"wp","href":"https:\/\/api.w.org\/{rel}","templated":true}]}}